{"id":18,"date":"2026-04-26T09:43:23","date_gmt":"2026-04-26T09:43:23","guid":{"rendered":"https:\/\/hediyexpress.com\/?page_id=18"},"modified":"2026-04-26T12:32:18","modified_gmt":"2026-04-26T12:32:18","slug":"ana-sayfa","status":"publish","type":"page","link":"https:\/\/hediyexpress.com\/","title":{"rendered":"Ana Sayfa"},"content":{"rendered":"\t\t<div data-elementor-type=\"wp-page\" data-elementor-id=\"18\" class=\"elementor elementor-18\">\n\t\t\t\t<div class=\"elementor-element elementor-element-a15b8b2 e-flex e-con-boxed e-con e-parent\" data-id=\"a15b8b2\" data-element_type=\"container\" data-e-type=\"container\">\n\t\t\t\t\t<div class=\"e-con-inner\">\n\t\t\t\t\t\t\t<h2 \n\t\tdata-interaction-id=\"5357270\" \n\t\tclass=\"e-heading-base\" \n\t\t \n\t\t\n\t>\n\t\n\t\t\t\u00dcreticiden Toptan Hediye \u00dcr\u00fcnleriKargo \u00dccretsiz \u2013 Y\u00fcksek Kar Marj\u0131\n\t\t<\/h2>\n\t\t\t\t\t<\/div>\n\t\t\t\t<\/div>\n\t\t<div class=\"elementor-element elementor-element-0a95a1b e-flex e-con-boxed e-con e-parent\" data-id=\"0a95a1b\" data-element_type=\"container\" data-e-type=\"container\">\n\t\t\t\t\t<div class=\"e-con-inner\">\n\t\t\t\t<div class=\"elementor-element elementor-element-cce3d8f elementor-widget elementor-widget-text-editor\" data-id=\"cce3d8f\" data-element_type=\"widget\" data-e-type=\"widget\" data-widget_type=\"text-editor.default\">\n\t\t\t\t\t\t\t\t\t<p>Arac\u0131s\u0131z \u00fcretici fiyatlar\u0131yla ma\u011fazan\u0131zda h\u0131zl\u0131 satacak premium \u00fcr\u00fcnleri hemen ke\u015ffedin.<\/p>\t\t\t\t\t\t\t\t<\/div>\n\t\t\t\t\t<\/div>\n\t\t\t\t<\/div>\n\t\t<div class=\"elementor-element elementor-element-8f025c8 e-flex e-con-boxed e-con e-parent\" data-id=\"8f025c8\" data-element_type=\"container\" data-e-type=\"container\">\n\t\t\t\t\t<div class=\"e-con-inner\">\n\t\t\t\t<div class=\"elementor-element elementor-element-3ba92ab elementor-widget elementor-widget-shortcode\" data-id=\"3ba92ab\" data-element_type=\"widget\" data-e-type=\"widget\" data-widget_type=\"shortcode.default\">\n\t\t\t\t\t\t\t<div class=\"elementor-shortcode\"><div class=\"whatsapp-products\"><div class=\"product-card\"><img decoding=\"async\" src=\"https:\/\/hediyexpress.com\/wp-content\/uploads\/2026\/04\/velora-toptan-tas-dizimli-siyah-kadife-kutu.jpg-300x276.png\"><div class=\"product-title\">Velora \u0130nci ve Ta\u015f Dizimli Likral\u0131 Kuma\u015f Aranjman Kutusu \u2013 23 cm<\/div><div class=\"price\"><del aria-hidden=\"true\"><span class=\"woocommerce-Price-amount amount\"><span class=\"woocommerce-Price-currencySymbol\">&#8378;<\/span>500,00<\/span><\/del> <span class=\"screen-reader-text\">Orijinal fiyat: &#8378;500,00.<\/span><ins aria-hidden=\"true\"><span class=\"woocommerce-Price-amount amount\"><span class=\"woocommerce-Price-currencySymbol\">&#8378;<\/span>350,00<\/span><\/ins><span class=\"screen-reader-text\">\u015eu andaki fiyat: &#8378;350,00.<\/span><\/div><a class=\"whatsapp-btn\" href=\"https:\/\/wa.me\/905011464530?text=Merhaba%20%C3%9Cr%C3%BCn%3A%20Velora%20%C4%B0nci%20ve%20Ta%C5%9F%20Dizimli%20Likral%C4%B1%20Kuma%C5%9F%20Aranjman%20Kutusu%20%E2%80%93%2023%20cmBu%20%C3%BCr%C3%BCn%20i%C3%A7in%20sipari%C5%9F%20vermek%20istiyorum.\" target=\"_blank\">WhatsApp\u2019tan Sipari\u015f Ver<\/a><\/div><\/div><\/div>\n\t\t\t\t\t\t<\/div>\n\t\t\t\t\t<\/div>\n\t\t\t\t<\/div>\n\t\t<div class=\"elementor-element elementor-element-5ae7b3e e-flex e-con-boxed e-con e-parent\" data-id=\"5ae7b3e\" data-element_type=\"container\" data-e-type=\"container\">\n\t\t\t\t\t<div class=\"e-con-inner\">\n\t\t\t\t\t<\/div>\n\t\t\t\t<\/div>\n\t\t\t\t<\/div>\n\t\t","protected":false},"excerpt":{"rendered":"<p>\u00dcreticiden Toptan Hediye \u00dcr\u00fcnleriKargo \u00dccretsiz \u2013 Y\u00fcksek Kar Marj\u0131 Arac\u0131s\u0131z \u00fcretici fiyatlar\u0131yla ma\u011fazan\u0131zda h\u0131zl\u0131 satacak premium \u00fcr\u00fcnleri hemen ke\u015ffedin.<\/p>\n","protected":false},"author":1,"featured_media":0,"parent":0,"menu_order":0,"comment_status":"closed","ping_status":"closed","template":"","meta":{"footnotes":""},"class_list":["post-18","page","type-page","status-publish","hentry"],"jetpack_sharing_enabled":true,"_links":{"self":[{"href":"https:\/\/hediyexpress.com\/index.php?rest_route=\/wp\/v2\/pages\/18","targetHints":{"allow":["GET"]}}],"collection":[{"href":"https:\/\/hediyexpress.com\/index.php?rest_route=\/wp\/v2\/pages"}],"about":[{"href":"https:\/\/hediyexpress.com\/index.php?rest_route=\/wp\/v2\/types\/page"}],"author":[{"embeddable":true,"href":"https:\/\/hediyexpress.com\/index.php?rest_route=\/wp\/v2\/users\/1"}],"replies":[{"embeddable":true,"href":"https:\/\/hediyexpress.com\/index.php?rest_route=%2Fwp%2Fv2%2Fcomments&post=18"}],"version-history":[{"count":19,"href":"https:\/\/hediyexpress.com\/index.php?rest_route=\/wp\/v2\/pages\/18\/revisions"}],"predecessor-version":[{"id":55,"href":"https:\/\/hediyexpress.com\/index.php?rest_route=\/wp\/v2\/pages\/18\/revisions\/55"}],"wp:attachment":[{"href":"https:\/\/hediyexpress.com\/index.php?rest_route=%2Fwp%2Fv2%2Fmedia&parent=18"}],"curies":[{"name":"wp","href":"https:\/\/api.w.org\/{rel}","templated":true}]}}